{"id":10745,"date":"2025-11-18T09:12:52","date_gmt":"2025-11-18T09:12:52","guid":{"rendered":"https:\/\/center-motus.si\/trgovina\/?post_type=product&#038;p=10745"},"modified":"2026-03-09T13:02:29","modified_gmt":"2026-03-09T13:02:29","slug":"set-ritmicnih-glasbil","status":"publish","type":"product","link":"https:\/\/center-motus.si\/trgovina\/izdelek\/set-ritmicnih-glasbil\/","title":{"rendered":"Set ritmi\u010dnih glasbil"},"content":{"rendered":"<p>Set ritmi\u010dnih glasbil znamke tickit\u00ae vklju\u010duje 16 razli\u010dnih glasbil iz dru\u017eine tolkal in drugih ritmi\u010dnih glasbil, shranjenih v torbici z zadrgo za priro\u010dno shranjevanje, ki otrokom pomagajo raziskovati glasbo, ritem in zvok, pri tem pa tudi motori\u010dni razvoj, saj se otrok u\u010di ustrezno uporabljati glasbila s svojimi rokami in se ob tem morda tudi plesno izra\u017ea.<\/p>\n<p>Komplet sestavljajo naslednji in\u0161trumenti: par ropotulj, par kastanjet, tamburin z opno (premer 15,3 cm), tamburin brez opne na ro\u010daju, triangel s pal\u010dko, par lesenih ritmi\u010dnih pal\u010dk, strgalo s pal\u010dko, par prstnih \u010dinel, kragulj\u010dke in enotonski leseni blok.<\/p>\n<p>Primerno za otroke od 3. leta starosti.<\/p>\n","protected":false},"excerpt":{"rendered":"<p><strong>16-delni set ritmi\u010dnih glasbil v priro\u010dni torbici za shranjevanje, s pomo\u010djo katerega lahko otrok raziskuje svet ritma in zvokov!<\/strong><\/p>\n","protected":false},"featured_media":10748,"comment_status":"open","ping_status":"closed","template":"","meta":{"_et_pb_use_builder":"","_et_pb_old_content":"","_et_gb_content_width":""},"product_brand":[],"product_cat":[15,26,33,28,31],"product_tag":[],"class_list":{"0":"post-10745","1":"product","2":"type-product","3":"status-publish","4":"has-post-thumbnail","6":"product_cat-nekategorizirano","7":"product_cat-motoricni_razvoj_otroka","8":"product_cat-raziskovanje-sveta","9":"product_cat-senzorika","10":"product_cat-ustvarjalnost","12":"first","13":"instock","14":"taxable","15":"shipping-taxable","16":"purchasable","17":"product-type-simple"},"yoast_head":"<!-- This site is optimized with the Yoast SEO plugin v26.9 - https:\/\/yoast.com\/product\/yoast-seo-wordpress\/ -->\n<title>Set ritmi\u010dnih glasbil - Trgovina<\/title>\n<meta name=\"description\" content=\"16-delni set ritmi\u010dnih glasbil v priro\u010dni torbici za shranjevanje, s pomo\u010djo katerega lahko otrok raziskuje svet ritma in zvokov!\" \/>\n<meta name=\"robots\" content=\"index, follow, max-snippet:-1, max-image-preview:large, max-video-preview:-1\" \/>\n<link rel=\"canonical\" href=\"https:\/\/center-motus.si\/trgovina\/izdelek\/set-ritmicnih-glasbil\/\" \/>\n<meta property=\"og:locale\" content=\"sl_SI\" \/>\n<meta property=\"og:type\" content=\"article\" \/>\n<meta property=\"og:title\" content=\"Set ritmi\u010dnih glasbil - Trgovina\" \/>\n<meta property=\"og:description\" content=\"16-delni set ritmi\u010dnih glasbil v priro\u010dni torbici za shranjevanje, s pomo\u010djo katerega lahko otrok raziskuje svet ritma in zvokov!\" \/>\n<meta property=\"og:url\" content=\"https:\/\/center-motus.si\/trgovina\/izdelek\/set-ritmicnih-glasbil\/\" \/>\n<meta property=\"og:site_name\" content=\"Trgovina\" \/>\n<meta property=\"article:modified_time\" content=\"2026-03-09T13:02:29+00:00\" \/>\n<meta property=\"og:image\" content=\"https:\/\/center-motus.si\/trgovina\/wp-content\/uploads\/2025\/11\/set-ritmicnih-glasbil-03.jpg\" \/>\n\t<meta property=\"og:image:width\" content=\"1080\" \/>\n\t<meta property=\"og:image:height\" content=\"1080\" \/>\n\t<meta property=\"og:image:type\" content=\"image\/jpeg\" \/>\n<meta name=\"twitter:card\" content=\"summary_large_image\" \/>\n<meta name=\"twitter:label1\" content=\"Est. reading time\" \/>\n\t<meta name=\"twitter:data1\" content=\"1 minuta\" \/>\n<script type=\"application\/ld+json\" class=\"yoast-schema-graph\">{\"@context\":\"https:\/\/schema.org\",\"@graph\":[{\"@type\":\"WebPage\",\"@id\":\"https:\/\/center-motus.si\/trgovina\/izdelek\/set-ritmicnih-glasbil\/\",\"url\":\"https:\/\/center-motus.si\/trgovina\/izdelek\/set-ritmicnih-glasbil\/\",\"name\":\"Set ritmi\u010dnih glasbil - Trgovina\",\"isPartOf\":{\"@id\":\"https:\/\/center-motus.si\/trgovina\/#website\"},\"primaryImageOfPage\":{\"@id\":\"https:\/\/center-motus.si\/trgovina\/izdelek\/set-ritmicnih-glasbil\/#primaryimage\"},\"image\":{\"@id\":\"https:\/\/center-motus.si\/trgovina\/izdelek\/set-ritmicnih-glasbil\/#primaryimage\"},\"thumbnailUrl\":\"https:\/\/center-motus.si\/trgovina\/wp-content\/uploads\/2025\/11\/set-ritmicnih-glasbil-03.jpg\",\"datePublished\":\"2025-11-18T09:12:52+00:00\",\"dateModified\":\"2026-03-09T13:02:29+00:00\",\"description\":\"16-delni set ritmi\u010dnih glasbil v priro\u010dni torbici za shranjevanje, s pomo\u010djo katerega lahko otrok raziskuje svet ritma in zvokov!\",\"breadcrumb\":{\"@id\":\"https:\/\/center-motus.si\/trgovina\/izdelek\/set-ritmicnih-glasbil\/#breadcrumb\"},\"inLanguage\":\"sl-SI\",\"potentialAction\":[{\"@type\":\"ReadAction\",\"target\":[\"https:\/\/center-motus.si\/trgovina\/izdelek\/set-ritmicnih-glasbil\/\"]}]},{\"@type\":\"ImageObject\",\"inLanguage\":\"sl-SI\",\"@id\":\"https:\/\/center-motus.si\/trgovina\/izdelek\/set-ritmicnih-glasbil\/#primaryimage\",\"url\":\"https:\/\/center-motus.si\/trgovina\/wp-content\/uploads\/2025\/11\/set-ritmicnih-glasbil-03.jpg\",\"contentUrl\":\"https:\/\/center-motus.si\/trgovina\/wp-content\/uploads\/2025\/11\/set-ritmicnih-glasbil-03.jpg\",\"width\":1080,\"height\":1080},{\"@type\":\"BreadcrumbList\",\"@id\":\"https:\/\/center-motus.si\/trgovina\/izdelek\/set-ritmicnih-glasbil\/#breadcrumb\",\"itemListElement\":[{\"@type\":\"ListItem\",\"position\":1,\"name\":\"Home\",\"item\":\"https:\/\/center-motus.si\/trgovina\/\"},{\"@type\":\"ListItem\",\"position\":2,\"name\":\"Trgovina\",\"item\":\"https:\/\/center-motus.si\/trgovina\/trgovina\/\"},{\"@type\":\"ListItem\",\"position\":3,\"name\":\"Set ritmi\u010dnih glasbil\"}]},{\"@type\":\"WebSite\",\"@id\":\"https:\/\/center-motus.si\/trgovina\/#website\",\"url\":\"https:\/\/center-motus.si\/trgovina\/\",\"name\":\"Didakti\u010dna trgovina\",\"description\":\"Didakti\u010dna trgovina Centra Motus\",\"potentialAction\":[{\"@type\":\"SearchAction\",\"target\":{\"@type\":\"EntryPoint\",\"urlTemplate\":\"https:\/\/center-motus.si\/trgovina\/?s={search_term_string}\"},\"query-input\":{\"@type\":\"PropertyValueSpecification\",\"valueRequired\":true,\"valueName\":\"search_term_string\"}}],\"inLanguage\":\"sl-SI\"}]}<\/script>\n<!-- \/ Yoast SEO plugin. -->","yoast_head_json":{"title":"Set ritmi\u010dnih glasbil - Trgovina","description":"16-delni set ritmi\u010dnih glasbil v priro\u010dni torbici za shranjevanje, s pomo\u010djo katerega lahko otrok raziskuje svet ritma in zvokov!","robots":{"index":"index","follow":"follow","max-snippet":"max-snippet:-1","max-image-preview":"max-image-preview:large","max-video-preview":"max-video-preview:-1"},"canonical":"https:\/\/center-motus.si\/trgovina\/izdelek\/set-ritmicnih-glasbil\/","og_locale":"sl_SI","og_type":"article","og_title":"Set ritmi\u010dnih glasbil - Trgovina","og_description":"16-delni set ritmi\u010dnih glasbil v priro\u010dni torbici za shranjevanje, s pomo\u010djo katerega lahko otrok raziskuje svet ritma in zvokov!","og_url":"https:\/\/center-motus.si\/trgovina\/izdelek\/set-ritmicnih-glasbil\/","og_site_name":"Trgovina","article_modified_time":"2026-03-09T13:02:29+00:00","og_image":[{"width":1080,"height":1080,"url":"https:\/\/center-motus.si\/trgovina\/wp-content\/uploads\/2025\/11\/set-ritmicnih-glasbil-03.jpg","type":"image\/jpeg"}],"twitter_card":"summary_large_image","twitter_misc":{"Est. reading time":"1 minuta"},"schema":{"@context":"https:\/\/schema.org","@graph":[{"@type":"WebPage","@id":"https:\/\/center-motus.si\/trgovina\/izdelek\/set-ritmicnih-glasbil\/","url":"https:\/\/center-motus.si\/trgovina\/izdelek\/set-ritmicnih-glasbil\/","name":"Set ritmi\u010dnih glasbil - Trgovina","isPartOf":{"@id":"https:\/\/center-motus.si\/trgovina\/#website"},"primaryImageOfPage":{"@id":"https:\/\/center-motus.si\/trgovina\/izdelek\/set-ritmicnih-glasbil\/#primaryimage"},"image":{"@id":"https:\/\/center-motus.si\/trgovina\/izdelek\/set-ritmicnih-glasbil\/#primaryimage"},"thumbnailUrl":"https:\/\/center-motus.si\/trgovina\/wp-content\/uploads\/2025\/11\/set-ritmicnih-glasbil-03.jpg","datePublished":"2025-11-18T09:12:52+00:00","dateModified":"2026-03-09T13:02:29+00:00","description":"16-delni set ritmi\u010dnih glasbil v priro\u010dni torbici za shranjevanje, s pomo\u010djo katerega lahko otrok raziskuje svet ritma in zvokov!","breadcrumb":{"@id":"https:\/\/center-motus.si\/trgovina\/izdelek\/set-ritmicnih-glasbil\/#breadcrumb"},"inLanguage":"sl-SI","potentialAction":[{"@type":"ReadAction","target":["https:\/\/center-motus.si\/trgovina\/izdelek\/set-ritmicnih-glasbil\/"]}]},{"@type":"ImageObject","inLanguage":"sl-SI","@id":"https:\/\/center-motus.si\/trgovina\/izdelek\/set-ritmicnih-glasbil\/#primaryimage","url":"https:\/\/center-motus.si\/trgovina\/wp-content\/uploads\/2025\/11\/set-ritmicnih-glasbil-03.jpg","contentUrl":"https:\/\/center-motus.si\/trgovina\/wp-content\/uploads\/2025\/11\/set-ritmicnih-glasbil-03.jpg","width":1080,"height":1080},{"@type":"BreadcrumbList","@id":"https:\/\/center-motus.si\/trgovina\/izdelek\/set-ritmicnih-glasbil\/#breadcrumb","itemListElement":[{"@type":"ListItem","position":1,"name":"Home","item":"https:\/\/center-motus.si\/trgovina\/"},{"@type":"ListItem","position":2,"name":"Trgovina","item":"https:\/\/center-motus.si\/trgovina\/trgovina\/"},{"@type":"ListItem","position":3,"name":"Set ritmi\u010dnih glasbil"}]},{"@type":"WebSite","@id":"https:\/\/center-motus.si\/trgovina\/#website","url":"https:\/\/center-motus.si\/trgovina\/","name":"Didakti\u010dna trgovina","description":"Didakti\u010dna trgovina Centra Motus","potentialAction":[{"@type":"SearchAction","target":{"@type":"EntryPoint","urlTemplate":"https:\/\/center-motus.si\/trgovina\/?s={search_term_string}"},"query-input":{"@type":"PropertyValueSpecification","valueRequired":true,"valueName":"search_term_string"}}],"inLanguage":"sl-SI"}]}},"_links":{"self":[{"href":"https:\/\/center-motus.si\/trgovina\/wp-json\/wp\/v2\/product\/10745","targetHints":{"allow":["GET"]}}],"collection":[{"href":"https:\/\/center-motus.si\/trgovina\/wp-json\/wp\/v2\/product"}],"about":[{"href":"https:\/\/center-motus.si\/trgovina\/wp-json\/wp\/v2\/types\/product"}],"replies":[{"embeddable":true,"href":"https:\/\/center-motus.si\/trgovina\/wp-json\/wp\/v2\/comments?post=10745"}],"wp:featuredmedia":[{"embeddable":true,"href":"https:\/\/center-motus.si\/trgovina\/wp-json\/wp\/v2\/media\/10748"}],"wp:attachment":[{"href":"https:\/\/center-motus.si\/trgovina\/wp-json\/wp\/v2\/media?parent=10745"}],"wp:term":[{"taxonomy":"product_brand","embeddable":true,"href":"https:\/\/center-motus.si\/trgovina\/wp-json\/wp\/v2\/product_brand?post=10745"},{"taxonomy":"product_cat","embeddable":true,"href":"https:\/\/center-motus.si\/trgovina\/wp-json\/wp\/v2\/product_cat?post=10745"},{"taxonomy":"product_tag","embeddable":true,"href":"https:\/\/center-motus.si\/trgovina\/wp-json\/wp\/v2\/product_tag?post=10745"}],"curies":[{"name":"wp","href":"https:\/\/api.w.org\/{rel}","templated":true}]}}